{"id":39,"date":"2025-04-23T14:41:16","date_gmt":"2025-04-23T14:41:16","guid":{"rendered":"https:\/\/waynegourmet.com\/?page_id=39"},"modified":"2025-08-05T14:58:00","modified_gmt":"2025-08-05T17:58:00","slug":"contacto","status":"publish","type":"page","link":"https:\/\/waynegourmet.com\/en\/contacto\/","title":{"rendered":"Contact"},"content":{"rendered":"\t\t<div data-elementor-type=\"wp-page\" data-elementor-id=\"39\" class=\"elementor elementor-39\" data-elementor-post-type=\"page\">\n\t\t\t\t<div class=\"elementor-element elementor-element-c7f9aa0 e-flex e-con-boxed e-con e-parent\" data-id=\"c7f9aa0\" data-element_type=\"container\" data-e-type=\"container\" data-settings=\"{&quot;background_background&quot;:&quot;classic&quot;,&quot;jet_parallax_layout_list&quot;:[]}\">\n\t\t\t\t\t<div class=\"e-con-inner\">\n\t\t\t\t<div class=\"elementor-element elementor-element-3f4db21 elementor-invisible elementor-widget elementor-widget-heading\" data-id=\"3f4db21\" data-element_type=\"widget\" data-e-type=\"widget\" data-settings=\"{&quot;_animation&quot;:&quot;fadeInUp&quot;}\" data-widget_type=\"heading.default\">\n\t\t\t\t<div class=\"elementor-widget-container\">\n\t\t\t\t\t<h1 class=\"elementor-heading-title elementor-size-default\">\u00bfC\u00f3mo podemos ayudarte?<\/h1>\t\t\t\t<\/div>\n\t\t\t\t<\/div>\n\t\t\t\t<div class=\"elementor-element elementor-element-52698ee elementor-widget__width-initial elementor-invisible elementor-widget elementor-widget-heading\" data-id=\"52698ee\" data-element_type=\"widget\" data-e-type=\"widget\" data-settings=\"{&quot;_animation&quot;:&quot;fadeInUp&quot;,&quot;_animation_delay&quot;:100}\" data-widget_type=\"heading.default\">\n\t\t\t\t<div class=\"elementor-widget-container\">\n\t\t\t\t\t<h2 class=\"elementor-heading-title elementor-size-default\">Complet\u00e1 el formulario y nos comunicaremos con vos lo antes posible.<\/h2>\t\t\t\t<\/div>\n\t\t\t\t<\/div>\n\t\t<div class=\"elementor-element elementor-element-2b6f2a0 e-con-full e-flex e-con e-child\" data-id=\"2b6f2a0\" data-element_type=\"container\" data-e-type=\"container\" data-settings=\"{&quot;jet_parallax_layout_list&quot;:[]}\">\n\t\t<div class=\"elementor-element elementor-element-233c75d e-con-full e-flex e-con e-child\" data-id=\"233c75d\" data-element_type=\"container\" data-e-type=\"container\" data-settings=\"{&quot;jet_parallax_layout_list&quot;:[]}\">\n\t\t\t\t<div class=\"elementor-element elementor-element-93db673 elementor-widget__width-initial elementor-icon-list--layout-traditional elementor-list-item-link-full_width elementor-invisible elementor-widget elementor-widget-icon-list\" data-id=\"93db673\" data-element_type=\"widget\" data-e-type=\"widget\" data-settings=\"{&quot;_animation&quot;:&quot;fadeInUp&quot;,&quot;_animation_delay&quot;:200}\" data-widget_type=\"icon-list.default\">\n\t\t\t\t<div class=\"elementor-widget-container\">\n\t\t\t\t\t\t\t<ul class=\"elementor-icon-list-items\">\n\t\t\t\t\t\t\t<li class=\"elementor-icon-list-item\">\n\t\t\t\t\t\t\t\t\t\t\t<a href=\"mailto:gourmet@wayne.com.ar\" target=\"_blank\">\n\n\t\t\t\t\t\t\t\t\t\t\t\t<span class=\"elementor-icon-list-icon\">\n\t\t\t\t\t\t\t<svg xmlns=\"http:\/\/www.w3.org\/2000\/svg\" width=\"80\" height=\"80\" viewBox=\"0 0 80 80\" fill=\"none\"><circle cx=\"40\" cy=\"40\" r=\"40\" fill=\"#0097D7\"><\/circle><path d=\"M56.2763 30C56.2763 28.1667 54.7866 26.6667 52.966 26.6667H26.4832C24.6625 26.6667 23.1729 28.1667 23.1729 30M56.2763 30V50C56.2763 51.8333 54.7866 53.3333 52.966 53.3333H26.4832C24.6625 53.3333 23.1729 51.8333 23.1729 50V30M56.2763 30L39.7246 41.6667L23.1729 30\" stroke=\"white\" stroke-width=\"4.5\" stroke-linecap=\"round\" stroke-linejoin=\"round\"><\/path><\/svg>\t\t\t\t\t\t<\/span>\n\t\t\t\t\t\t\t\t\t\t<span class=\"elementor-icon-list-text\">gourmet@wayne.com.ar<\/span>\n\t\t\t\t\t\t\t\t\t\t\t<\/a>\n\t\t\t\t\t\t\t\t\t<\/li>\n\t\t\t\t\t\t\t\t<li class=\"elementor-icon-list-item\">\n\t\t\t\t\t\t\t\t\t\t\t<a href=\"https:\/\/wa.me\/+541121505397\" target=\"_blank\">\n\n\t\t\t\t\t\t\t\t\t\t\t\t<span class=\"elementor-icon-list-icon\">\n\t\t\t\t\t\t\t<svg xmlns=\"http:\/\/www.w3.org\/2000\/svg\" width=\"80\" height=\"80\" viewBox=\"0 0 80 80\" fill=\"none\"><circle cx=\"40\" cy=\"40\" r=\"40\" fill=\"#0097D7\"><\/circle><g clip-path=\"url(#clip0_2111_110)\"><path d=\"M43.9392 30C45.5559 30.3176 47.0417 31.1138 48.2064 32.2866C49.3711 33.4594 50.1617 34.9554 50.4772 36.5833M43.9392 23.3333C47.298 23.7091 50.4301 25.2236 52.8213 27.6283C55.2124 30.0331 56.7205 33.185 57.0978 36.5667M55.4427 49.8667V54.8667C55.4445 55.3308 55.3501 55.7903 55.1654 56.2156C54.9808 56.6409 54.7099 57.0226 54.3702 57.3364C54.0306 57.6502 53.6296 57.8891 53.1929 58.0378C52.7562 58.1865 52.2935 58.2418 51.8344 58.2C46.7412 57.6427 41.8487 55.8902 37.5503 53.0833C33.5511 50.5244 30.1605 47.1103 27.6192 43.0833C24.822 38.7353 23.0811 33.785 22.5378 28.6333C22.4965 28.1724 22.5509 27.7079 22.6976 27.2694C22.8443 26.8308 23.08 26.4278 23.3899 26.086C23.6997 25.7442 24.0768 25.4712 24.4972 25.2842C24.9176 25.0972 25.3721 25.0004 25.8316 25H30.7972C31.6004 24.992 32.3792 25.2785 32.9882 25.8059C33.5973 26.3333 33.9951 27.0657 34.1075 27.8667C34.3171 29.4668 34.7058 31.0379 35.2661 32.55C35.4888 33.1465 35.537 33.7949 35.405 34.4181C35.273 35.0414 34.9663 35.6135 34.5213 36.0667L32.4192 38.1833C34.7755 42.3559 38.2065 45.8107 42.3503 48.1833L44.4523 46.0667C44.9024 45.6186 45.4705 45.3097 46.0895 45.1768C46.7085 45.0439 47.3523 45.0924 47.9447 45.3167C49.4464 45.8809 51.0067 46.2723 52.5958 46.4833C53.3998 46.5975 54.1341 47.0053 54.659 47.6292C55.1839 48.253 55.4628 49.0493 55.4427 49.8667Z\" stroke=\"white\" stroke-width=\"4.5\" stroke-linecap=\"round\" stroke-linejoin=\"round\"><\/path><\/g><defs><clipPath id=\"clip0_2111_110\"><rect width=\"39.7241\" height=\"40\" fill=\"white\" transform=\"translate(19.0293 21.6667)\"><\/rect><\/clipPath><\/defs><\/svg>\t\t\t\t\t\t<\/span>\n\t\t\t\t\t\t\t\t\t\t<span class=\"elementor-icon-list-text\">(+54-11) 2150-5397<\/span>\n\t\t\t\t\t\t\t\t\t\t\t<\/a>\n\t\t\t\t\t\t\t\t\t<\/li>\n\t\t\t\t\t\t\t\t<li class=\"elementor-icon-list-item\">\n\t\t\t\t\t\t\t\t\t\t\t<span class=\"elementor-icon-list-icon\">\n\t\t\t\t\t\t\t<svg xmlns=\"http:\/\/www.w3.org\/2000\/svg\" width=\"80\" height=\"80\" viewBox=\"0 0 80 80\" fill=\"none\"><circle cx=\"40\" cy=\"40\" r=\"40\" fill=\"#0097D7\"><\/circle><path d=\"M39.7246 30V40L46.3453 43.3333M56.2763 40C56.2763 49.2047 48.8658 56.6667 39.7246 56.6667C30.5833 56.6667 23.1729 49.2047 23.1729 40C23.1729 30.7952 30.5833 23.3333 39.7246 23.3333C48.8658 23.3333 56.2763 30.7952 56.2763 40Z\" stroke=\"white\" stroke-width=\"4.5\" stroke-linecap=\"round\" stroke-linejoin=\"round\"><\/path><\/svg>\t\t\t\t\t\t<\/span>\n\t\t\t\t\t\t\t\t\t\t<span class=\"elementor-icon-list-text\">Lunes a Jueves de 9am a 5pm | Viernes de 9am a 4pm<\/span>\n\t\t\t\t\t\t\t\t\t<\/li>\n\t\t\t\t\t\t<\/ul>\n\t\t\t\t\t\t<\/div>\n\t\t\t\t<\/div>\n\t\t\t\t<\/div>\n\t\t<div class=\"elementor-element elementor-element-d2941a1 e-con-full e-flex e-con e-child\" data-id=\"d2941a1\" data-element_type=\"container\" data-e-type=\"container\" data-settings=\"{&quot;jet_parallax_layout_list&quot;:[]}\">\n\t\t\t\t<div class=\"elementor-element elementor-element-3d6e736 elementor-button-align-stretch elementor-invisible elementor-widget elementor-widget-form\" data-id=\"3d6e736\" data-element_type=\"widget\" data-e-type=\"widget\" data-settings=\"{&quot;step_next_label&quot;:&quot;Next&quot;,&quot;step_previous_label&quot;:&quot;Previous&quot;,&quot;_animation&quot;:&quot;fadeInUp&quot;,&quot;_animation_delay&quot;:200,&quot;button_width&quot;:&quot;100&quot;,&quot;step_type&quot;:&quot;number_text&quot;,&quot;step_icon_shape&quot;:&quot;circle&quot;}\" data-widget_type=\"form.default\">\n\t\t\t\t<div class=\"elementor-widget-container\">\n\t\t\t\t\t\t\t<form class=\"elementor-form\" method=\"post\" name=\"Contacto\" aria-label=\"Contacto\">\n\t\t\t<input type=\"hidden\" name=\"post_id\" value=\"39\"\/>\n\t\t\t<input type=\"hidden\" name=\"form_id\" value=\"3d6e736\"\/>\n\t\t\t<input type=\"hidden\" name=\"referer_title\" value=\"Wayne Gourmet\" \/>\n\n\t\t\t\n\t\t\t<div class=\"elementor-form-fields-wrapper elementor-labels-\">\n\t\t\t\t\t\t\t\t<div class=\"elementor-field-type-text elementor-field-group elementor-column elementor-field-group-name elementor-col-50 elementor-field-required\">\n\t\t\t\t\t\t\t\t\t\t\t\t<label for=\"form-field-name\" class=\"elementor-field-label elementor-screen-only\">\n\t\t\t\t\t\t\t\tNombre\t\t\t\t\t\t\t<\/label>\n\t\t\t\t\t\t\t\t\t\t\t\t\t\t<input size=\"1\" type=\"text\" name=\"form_fields[name]\" id=\"form-field-name\" class=\"elementor-field elementor-size-md  elementor-field-textual\" placeholder=\"Nombre\" required=\"required\">\n\t\t\t\t\t\t\t\t\t\t\t<\/div>\n\t\t\t\t\t\t\t\t<div class=\"elementor-field-type-text elementor-field-group elementor-column elementor-field-group-field_bc1e32e elementor-col-50 elementor-field-required\">\n\t\t\t\t\t\t\t\t\t\t\t\t<label for=\"form-field-field_bc1e32e\" class=\"elementor-field-label elementor-screen-only\">\n\t\t\t\t\t\t\t\tApellido\t\t\t\t\t\t\t<\/label>\n\t\t\t\t\t\t\t\t\t\t\t\t\t\t<input size=\"1\" type=\"text\" name=\"form_fields[field_bc1e32e]\" id=\"form-field-field_bc1e32e\" class=\"elementor-field elementor-size-md  elementor-field-textual\" placeholder=\"Apellido\" required=\"required\">\n\t\t\t\t\t\t\t\t\t\t\t<\/div>\n\t\t\t\t\t\t\t\t<div class=\"elementor-field-type-email elementor-field-group elementor-column elementor-field-group-email elementor-col-100 elementor-field-required\">\n\t\t\t\t\t\t\t\t\t\t\t\t<label for=\"form-field-email\" class=\"elementor-field-label elementor-screen-only\">\n\t\t\t\t\t\t\t\tEmail\t\t\t\t\t\t\t<\/label>\n\t\t\t\t\t\t\t\t\t\t\t\t\t\t<input size=\"1\" type=\"email\" name=\"form_fields[email]\" id=\"form-field-email\" class=\"elementor-field elementor-size-md  elementor-field-textual\" placeholder=\"Email\" required=\"required\">\n\t\t\t\t\t\t\t\t\t\t\t<\/div>\n\t\t\t\t\t\t\t\t<div class=\"elementor-field-type-tel elementor-field-group elementor-column elementor-field-group-field_72c4f17 elementor-col-50\">\n\t\t\t\t\t\t\t\t\t\t\t\t<label for=\"form-field-field_72c4f17\" class=\"elementor-field-label elementor-screen-only\">\n\t\t\t\t\t\t\t\tTelefono\t\t\t\t\t\t\t<\/label>\n\t\t\t\t\t\t\t\t<input size=\"1\" type=\"tel\" name=\"form_fields[field_72c4f17]\" id=\"form-field-field_72c4f17\" class=\"elementor-field elementor-size-md  elementor-field-textual\" placeholder=\"Telefono\" pattern=\"[0-9()#&amp;+*-=.]+\" title=\"Solo se aceptan n\u00fameros y caracteres de tel\u00e9fono (#,-,*,etc).\">\n\n\t\t\t\t\t\t<\/div>\n\t\t\t\t\t\t\t\t<div class=\"elementor-field-type-text elementor-field-group elementor-column elementor-field-group-field_66736b5 elementor-col-50\">\n\t\t\t\t\t\t\t\t\t\t\t\t<label for=\"form-field-field_66736b5\" class=\"elementor-field-label elementor-screen-only\">\n\t\t\t\t\t\t\t\tPa\u00eds\t\t\t\t\t\t\t<\/label>\n\t\t\t\t\t\t\t\t\t\t\t\t\t\t<input size=\"1\" type=\"text\" name=\"form_fields[field_66736b5]\" id=\"form-field-field_66736b5\" class=\"elementor-field elementor-size-md  elementor-field-textual\" placeholder=\"Pa\u00eds\">\n\t\t\t\t\t\t\t\t\t\t\t<\/div>\n\t\t\t\t\t\t\t\t<div class=\"elementor-field-type-textarea elementor-field-group elementor-column elementor-field-group-message elementor-col-100\">\n\t\t\t\t\t\t\t\t\t\t\t\t<label for=\"form-field-message\" class=\"elementor-field-label elementor-screen-only\">\n\t\t\t\t\t\t\t\tMensaje\t\t\t\t\t\t\t<\/label>\n\t\t\t\t\t\t<textarea class=\"elementor-field-textual elementor-field  elementor-size-md\" name=\"form_fields[message]\" id=\"form-field-message\" rows=\"4\" placeholder=\"Mensaje\"><\/textarea>\t\t\t\t<\/div>\n\t\t\t\t\t\t\t\t<div class=\"elementor-field-type-acceptance elementor-field-group elementor-column elementor-field-group-field_d4f1ceb elementor-col-100 elementor-field-required\">\n\t\t\t\t\t\t\t<div class=\"elementor-field-subgroup\">\n\t\t\t<span class=\"elementor-field-option\">\n\t\t\t\t<input type=\"checkbox\" name=\"form_fields[field_d4f1ceb]\" id=\"form-field-field_d4f1ceb\" class=\"elementor-field elementor-size-md  elementor-acceptance-field\" required=\"required\">\n\t\t\t\t<label for=\"form-field-field_d4f1ceb\">Acepto la\u00a0Pol\u00edtica de Privacidad\u00a0de Wayne Gourmet<\/label>\t\t\t<\/span>\n\t\t<\/div>\n\t\t\t\t\t\t<\/div>\n\t\t\t\t\t\t\t\t<div class=\"elementor-field-type-acceptance elementor-field-group elementor-column elementor-field-group-field_eec67bf elementor-col-100\">\n\t\t\t\t\t\t\t<div class=\"elementor-field-subgroup\">\n\t\t\t<span class=\"elementor-field-option\">\n\t\t\t\t<input type=\"checkbox\" name=\"form_fields[field_eec67bf]\" id=\"form-field-field_eec67bf\" class=\"elementor-field elementor-size-md  elementor-acceptance-field\">\n\t\t\t\t<label for=\"form-field-field_eec67bf\">Acepto recibir promociones de Wayne Gourmet<\/label>\t\t\t<\/span>\n\t\t<\/div>\n\t\t\t\t\t\t<\/div>\n\t\t\t\t\t\t\t\t<div class=\"elementor-field-group elementor-column elementor-field-type-submit elementor-col-100 e-form__buttons\">\n\t\t\t\t\t<button class=\"elementor-button elementor-size-md\" type=\"submit\">\n\t\t\t\t\t\t<span class=\"elementor-button-content-wrapper\">\n\t\t\t\t\t\t\t\t\t\t\t\t\t\t\t\t\t\t\t\t\t\t<span class=\"elementor-button-text\">Enviar<\/span>\n\t\t\t\t\t\t\t\t\t\t\t\t\t<\/span>\n\t\t\t\t\t<\/button>\n\t\t\t\t<\/div>\n\t\t\t<\/div>\n\t\t<\/form>\n\t\t\t\t\t\t<\/div>\n\t\t\t\t<\/div>\n\t\t\t\t<\/div>\n\t\t\t\t<\/div>\n\t\t\t\t\t<\/div>\n\t\t\t\t<\/div>\n\t\t<div class=\"elementor-element elementor-element-2987948 e-flex e-con-boxed e-con e-parent\" data-id=\"2987948\" data-element_type=\"container\" data-e-type=\"container\" data-settings=\"{&quot;jet_parallax_layout_list&quot;:[]}\">\n\t\t\t\t\t<div class=\"e-con-inner\">\n\t\t\t\t<div class=\"elementor-element elementor-element-da4af4b elementor-invisible elementor-widget elementor-widget-heading\" data-id=\"da4af4b\" data-element_type=\"widget\" data-e-type=\"widget\" data-settings=\"{&quot;_animation&quot;:&quot;fadeInUp&quot;}\" data-widget_type=\"heading.default\">\n\t\t\t\t<div class=\"elementor-widget-container\">\n\t\t\t\t\t<h3 class=\"elementor-heading-title elementor-size-default\">D\u00f3nde nos encontramos<\/h3>\t\t\t\t<\/div>\n\t\t\t\t<\/div>\n\t\t\t\t<div class=\"elementor-element elementor-element-b3bb0f8 elementor-invisible elementor-widget elementor-widget-google_maps\" data-id=\"b3bb0f8\" data-element_type=\"widget\" data-e-type=\"widget\" data-settings=\"{&quot;_animation&quot;:&quot;fadeInUp&quot;}\" data-widget_type=\"google_maps.default\">\n\t\t\t\t<div class=\"elementor-widget-container\">\n\t\t\t\t\t\t\t<div class=\"elementor-custom-embed\">\n\t\t\t<iframe loading=\"lazy\"\n\t\t\t\t\tsrc=\"https:\/\/maps.google.com\/maps?q=Aguirre%201169%20%28C1414ASW%29%20%7C%20Ciudad%20Aut%C3%B3noma%20de%20Buenos%20Aires%2C%20Argentina.%20wayne%40waynepharma.com%20%28%2B54-11%29%202150-5397%20Lunes%20a%20Jueves%20de%209am%20a%205pm%20%7C%20Viernes%20de%209am%20a%204pm&#038;t=m&#038;z=15&#038;output=embed&#038;iwloc=near\"\n\t\t\t\t\ttitle=\"Aguirre 1169 (C1414ASW) | Ciudad Aut\u00f3noma de Buenos Aires, Argentina. wayne@waynepharma.com (+54-11) 2150-5397 Lunes a Jueves de 9am a 5pm | Viernes de 9am a 4pm\"\n\t\t\t\t\taria-label=\"Aguirre 1169 (C1414ASW) | Ciudad Aut\u00f3noma de Buenos Aires, Argentina. wayne@waynepharma.com (+54-11) 2150-5397 Lunes a Jueves de 9am a 5pm | Viernes de 9am a 4pm\"\n\t\t\t><\/iframe>\n\t\t<\/div>\n\t\t\t\t\t\t<\/div>\n\t\t\t\t<\/div>\n\t\t\t\t\t<\/div>\n\t\t\t\t<\/div>\n\t\t\t\t<\/div>\n\t\t","protected":false},"excerpt":{"rendered":"<p>\u00bfC\u00f3mo podemos ayudarte? Complet\u00e1 el formulario y nos comunicaremos con vos lo antes posible. D\u00f3nde nos encontramos<\/p>","protected":false},"author":1,"featured_media":0,"parent":0,"menu_order":0,"comment_status":"closed","ping_status":"closed","template":"","meta":{"footnotes":""},"class_list":["post-39","page","type-page","status-publish","hentry"],"yoast_head":"<!-- This site is optimized with the Yoast SEO plugin v27.1.1 - https:\/\/yoast.com\/product\/yoast-seo-wordpress\/ -->\n<title>Contacto - Wayne Gourmet<\/title>\n<meta name=\"robots\" content=\"index, follow, max-snippet:-1, max-image-preview:large, max-video-preview:-1\" \/>\n<link rel=\"canonical\" href=\"https:\/\/waynegourmet.com\/en\/contacto\/\" \/>\n<meta property=\"og:locale\" content=\"en_US\" \/>\n<meta property=\"og:type\" content=\"article\" \/>\n<meta property=\"og:title\" content=\"Contacto - Wayne Gourmet\" \/>\n<meta property=\"og:description\" content=\"\u00bfC\u00f3mo podemos ayudarte? Complet\u00e1 el formulario y nos comunicaremos con vos lo antes posible. D\u00f3nde nos encontramos\" \/>\n<meta property=\"og:url\" content=\"https:\/\/waynegourmet.com\/en\/contacto\/\" \/>\n<meta property=\"og:site_name\" content=\"Wayne Gourmet\" \/>\n<meta property=\"article:modified_time\" content=\"2025-08-05T17:58:00+00:00\" \/>\n<meta name=\"twitter:card\" content=\"summary_large_image\" \/>\n<meta name=\"twitter:label1\" content=\"Est. reading time\" \/>\n\t<meta name=\"twitter:data1\" content=\"1 minute\" \/>\n<script type=\"application\/ld+json\" class=\"yoast-schema-graph\">{\"@context\":\"https:\/\/schema.org\",\"@graph\":[{\"@type\":\"WebPage\",\"@id\":\"https:\/\/waynegourmet.com\/contacto\/\",\"url\":\"https:\/\/waynegourmet.com\/contacto\/\",\"name\":\"Contacto - Wayne Gourmet\",\"isPartOf\":{\"@id\":\"https:\/\/waynegourmet.com\/#website\"},\"datePublished\":\"2025-04-23T14:41:16+00:00\",\"dateModified\":\"2025-08-05T17:58:00+00:00\",\"inLanguage\":\"en-US\",\"potentialAction\":[{\"@type\":\"ReadAction\",\"target\":[\"https:\/\/waynegourmet.com\/contacto\/\"]}]},{\"@type\":\"WebSite\",\"@id\":\"https:\/\/waynegourmet.com\/#website\",\"url\":\"https:\/\/waynegourmet.com\/\",\"name\":\"Wayne Gourmet\",\"description\":\"Transformando la industria con soluciones de vanguardia\",\"publisher\":{\"@id\":\"https:\/\/waynegourmet.com\/#organization\"},\"potentialAction\":[{\"@type\":\"SearchAction\",\"target\":{\"@type\":\"EntryPoint\",\"urlTemplate\":\"https:\/\/waynegourmet.com\/?s={search_term_string}\"},\"query-input\":{\"@type\":\"PropertyValueSpecification\",\"valueRequired\":true,\"valueName\":\"search_term_string\"}}],\"inLanguage\":\"en-US\"},{\"@type\":\"Organization\",\"@id\":\"https:\/\/waynegourmet.com\/#organization\",\"name\":\"Wayne Gourmet\",\"url\":\"https:\/\/waynegourmet.com\/\",\"logo\":{\"@type\":\"ImageObject\",\"inLanguage\":\"en-US\",\"@id\":\"https:\/\/waynegourmet.com\/#\/schema\/logo\/image\/\",\"url\":\"https:\/\/waynegourmet.com\/wp-content\/uploads\/2025\/05\/logo-gourmet.svg\",\"contentUrl\":\"https:\/\/waynegourmet.com\/wp-content\/uploads\/2025\/05\/logo-gourmet.svg\",\"width\":175,\"height\":71,\"caption\":\"Wayne Gourmet\"},\"image\":{\"@id\":\"https:\/\/waynegourmet.com\/#\/schema\/logo\/image\/\"}}]}<\/script>\n<!-- \/ Yoast SEO plugin. -->","yoast_head_json":{"title":"Contacto - Wayne Gourmet","robots":{"index":"index","follow":"follow","max-snippet":"max-snippet:-1","max-image-preview":"max-image-preview:large","max-video-preview":"max-video-preview:-1"},"canonical":"https:\/\/waynegourmet.com\/en\/contacto\/","og_locale":"en_US","og_type":"article","og_title":"Contacto - Wayne Gourmet","og_description":"\u00bfC\u00f3mo podemos ayudarte? Complet\u00e1 el formulario y nos comunicaremos con vos lo antes posible. D\u00f3nde nos encontramos","og_url":"https:\/\/waynegourmet.com\/en\/contacto\/","og_site_name":"Wayne Gourmet","article_modified_time":"2025-08-05T17:58:00+00:00","twitter_card":"summary_large_image","twitter_misc":{"Est. reading time":"1 minute"},"schema":{"@context":"https:\/\/schema.org","@graph":[{"@type":"WebPage","@id":"https:\/\/waynegourmet.com\/contacto\/","url":"https:\/\/waynegourmet.com\/contacto\/","name":"Contacto - Wayne Gourmet","isPartOf":{"@id":"https:\/\/waynegourmet.com\/#website"},"datePublished":"2025-04-23T14:41:16+00:00","dateModified":"2025-08-05T17:58:00+00:00","inLanguage":"en-US","potentialAction":[{"@type":"ReadAction","target":["https:\/\/waynegourmet.com\/contacto\/"]}]},{"@type":"WebSite","@id":"https:\/\/waynegourmet.com\/#website","url":"https:\/\/waynegourmet.com\/","name":"Wayne Gourmet","description":"Transformando la industria con soluciones de vanguardia","publisher":{"@id":"https:\/\/waynegourmet.com\/#organization"},"potentialAction":[{"@type":"SearchAction","target":{"@type":"EntryPoint","urlTemplate":"https:\/\/waynegourmet.com\/?s={search_term_string}"},"query-input":{"@type":"PropertyValueSpecification","valueRequired":true,"valueName":"search_term_string"}}],"inLanguage":"en-US"},{"@type":"Organization","@id":"https:\/\/waynegourmet.com\/#organization","name":"Wayne Gourmet","url":"https:\/\/waynegourmet.com\/","logo":{"@type":"ImageObject","inLanguage":"en-US","@id":"https:\/\/waynegourmet.com\/#\/schema\/logo\/image\/","url":"https:\/\/waynegourmet.com\/wp-content\/uploads\/2025\/05\/logo-gourmet.svg","contentUrl":"https:\/\/waynegourmet.com\/wp-content\/uploads\/2025\/05\/logo-gourmet.svg","width":175,"height":71,"caption":"Wayne Gourmet"},"image":{"@id":"https:\/\/waynegourmet.com\/#\/schema\/logo\/image\/"}}]}},"_links":{"self":[{"href":"https:\/\/waynegourmet.com\/en\/wp-json\/wp\/v2\/pages\/39","targetHints":{"allow":["GET"]}}],"collection":[{"href":"https:\/\/waynegourmet.com\/en\/wp-json\/wp\/v2\/pages"}],"about":[{"href":"https:\/\/waynegourmet.com\/en\/wp-json\/wp\/v2\/types\/page"}],"author":[{"embeddable":true,"href":"https:\/\/waynegourmet.com\/en\/wp-json\/wp\/v2\/users\/1"}],"replies":[{"embeddable":true,"href":"https:\/\/waynegourmet.com\/en\/wp-json\/wp\/v2\/comments?post=39"}],"version-history":[{"count":76,"href":"https:\/\/waynegourmet.com\/en\/wp-json\/wp\/v2\/pages\/39\/revisions"}],"predecessor-version":[{"id":1972,"href":"https:\/\/waynegourmet.com\/en\/wp-json\/wp\/v2\/pages\/39\/revisions\/1972"}],"wp:attachment":[{"href":"https:\/\/waynegourmet.com\/en\/wp-json\/wp\/v2\/media?parent=39"}],"curies":[{"name":"wp","href":"https:\/\/api.w.org\/{rel}","templated":true}]}}